{"id":593,"date":"2024-08-20T12:50:14","date_gmt":"2024-08-20T17:50:14","guid":{"rendered":"https:\/\/www.luxuryeventtrailers.com\/es\/?page_id=593"},"modified":"2024-11-11T10:19:22","modified_gmt":"2024-11-11T16:19:22","slug":"i-would-like-more-information","status":"publish","type":"page","link":"https:\/\/www.luxuryeventtrailers.com\/es\/i-would-like-more-information\/","title":{"rendered":"Me gustar\u00eda m\u00e1s informaci\u00f3n"},"content":{"rendered":"","protected":false},"excerpt":{"rendered":"","protected":false},"author":3,"featured_media":0,"parent":0,"menu_order":0,"comment_status":"closed","ping_status":"closed","template":"","meta":{"_acf_changed":false,"_genesis_hide_title":false,"_genesis_hide_breadcrumbs":false,"_genesis_hide_singular_image":false,"_genesis_hide_footer_widgets":false,"_genesis_custom_body_class":"","_genesis_custom_post_class":"","_genesis_layout":"","footnotes":""},"class_list":{"0":"post-593","1":"page","2":"type-page","3":"status-publish","5":"entry"},"acf":[],"yoast_head":"<!-- This site is optimized with the Yoast SEO plugin v27.3 - https:\/\/yoast.com\/product\/yoast-seo-wordpress\/ -->\n<title>Me gustar\u00eda m\u00e1s informaci\u00f3n - Luxury Event Trailers ES<\/title>\n<meta name=\"robots\" content=\"index, follow, max-snippet:-1, max-image-preview:large, max-video-preview:-1\" \/>\n<link rel=\"canonical\" href=\"https:\/\/www.luxuryeventtrailers.com\/es\/i-would-like-more-information\/\" \/>\n<meta property=\"og:locale\" content=\"en_US\" \/>\n<meta property=\"og:type\" content=\"article\" \/>\n<meta property=\"og:title\" content=\"Me gustar\u00eda m\u00e1s informaci\u00f3n - Luxury Event Trailers ES\" \/>\n<meta property=\"og:url\" content=\"https:\/\/www.luxuryeventtrailers.com\/es\/i-would-like-more-information\/\" \/>\n<meta property=\"og:site_name\" content=\"Luxury Event Trailers ES\" \/>\n<meta property=\"article:modified_time\" content=\"2024-11-11T16:19:22+00:00\" \/>\n<meta name=\"twitter:card\" content=\"summary_large_image\" \/>\n<script type=\"application\/ld+json\" class=\"yoast-schema-graph\">{\"@context\":\"https:\\\/\\\/schema.org\",\"@graph\":[{\"@type\":\"WebPage\",\"@id\":\"https:\\\/\\\/www.luxuryeventtrailers.com\\\/es\\\/i-would-like-more-information\\\/\",\"url\":\"https:\\\/\\\/www.luxuryeventtrailers.com\\\/es\\\/i-would-like-more-information\\\/\",\"name\":\"Me gustar\u00eda m\u00e1s informaci\u00f3n - Luxury Event Trailers ES\",\"isPartOf\":{\"@id\":\"https:\\\/\\\/www.luxuryeventtrailers.com\\\/es\\\/#website\"},\"datePublished\":\"2024-08-20T17:50:14+00:00\",\"dateModified\":\"2024-11-11T16:19:22+00:00\",\"breadcrumb\":{\"@id\":\"https:\\\/\\\/www.luxuryeventtrailers.com\\\/es\\\/i-would-like-more-information\\\/#breadcrumb\"},\"inLanguage\":\"en-US\",\"potentialAction\":[{\"@type\":\"ReadAction\",\"target\":[\"https:\\\/\\\/www.luxuryeventtrailers.com\\\/es\\\/i-would-like-more-information\\\/\"]}]},{\"@type\":\"BreadcrumbList\",\"@id\":\"https:\\\/\\\/www.luxuryeventtrailers.com\\\/es\\\/i-would-like-more-information\\\/#breadcrumb\",\"itemListElement\":[{\"@type\":\"ListItem\",\"position\":1,\"name\":\"Home\",\"item\":\"https:\\\/\\\/www.luxuryeventtrailers.com\\\/es\\\/\"},{\"@type\":\"ListItem\",\"position\":2,\"name\":\"Me gustar\u00eda m\u00e1s informaci\u00f3n\"}]},{\"@type\":\"WebSite\",\"@id\":\"https:\\\/\\\/www.luxuryeventtrailers.com\\\/es\\\/#website\",\"url\":\"https:\\\/\\\/www.luxuryeventtrailers.com\\\/es\\\/\",\"name\":\"Luxury Event Trailers ES\",\"description\":\"\",\"potentialAction\":[{\"@type\":\"SearchAction\",\"target\":{\"@type\":\"EntryPoint\",\"urlTemplate\":\"https:\\\/\\\/www.luxuryeventtrailers.com\\\/es\\\/?s={search_term_string}\"},\"query-input\":{\"@type\":\"PropertyValueSpecification\",\"valueRequired\":true,\"valueName\":\"search_term_string\"}}],\"inLanguage\":\"en-US\"}]}<\/script>\n<!-- \/ Yoast SEO plugin. -->","yoast_head_json":{"title":"Me gustar\u00eda m\u00e1s informaci\u00f3n - Luxury Event Trailers ES","robots":{"index":"index","follow":"follow","max-snippet":"max-snippet:-1","max-image-preview":"max-image-preview:large","max-video-preview":"max-video-preview:-1"},"canonical":"https:\/\/www.luxuryeventtrailers.com\/es\/i-would-like-more-information\/","og_locale":"en_US","og_type":"article","og_title":"Me gustar\u00eda m\u00e1s informaci\u00f3n - Luxury Event Trailers ES","og_url":"https:\/\/www.luxuryeventtrailers.com\/es\/i-would-like-more-information\/","og_site_name":"Luxury Event Trailers ES","article_modified_time":"2024-11-11T16:19:22+00:00","twitter_card":"summary_large_image","schema":{"@context":"https:\/\/schema.org","@graph":[{"@type":"WebPage","@id":"https:\/\/www.luxuryeventtrailers.com\/es\/i-would-like-more-information\/","url":"https:\/\/www.luxuryeventtrailers.com\/es\/i-would-like-more-information\/","name":"Me gustar\u00eda m\u00e1s informaci\u00f3n - Luxury Event Trailers ES","isPartOf":{"@id":"https:\/\/www.luxuryeventtrailers.com\/es\/#website"},"datePublished":"2024-08-20T17:50:14+00:00","dateModified":"2024-11-11T16:19:22+00:00","breadcrumb":{"@id":"https:\/\/www.luxuryeventtrailers.com\/es\/i-would-like-more-information\/#breadcrumb"},"inLanguage":"en-US","potentialAction":[{"@type":"ReadAction","target":["https:\/\/www.luxuryeventtrailers.com\/es\/i-would-like-more-information\/"]}]},{"@type":"BreadcrumbList","@id":"https:\/\/www.luxuryeventtrailers.com\/es\/i-would-like-more-information\/#breadcrumb","itemListElement":[{"@type":"ListItem","position":1,"name":"Home","item":"https:\/\/www.luxuryeventtrailers.com\/es\/"},{"@type":"ListItem","position":2,"name":"Me gustar\u00eda m\u00e1s informaci\u00f3n"}]},{"@type":"WebSite","@id":"https:\/\/www.luxuryeventtrailers.com\/es\/#website","url":"https:\/\/www.luxuryeventtrailers.com\/es\/","name":"Luxury Event Trailers ES","description":"","potentialAction":[{"@type":"SearchAction","target":{"@type":"EntryPoint","urlTemplate":"https:\/\/www.luxuryeventtrailers.com\/es\/?s={search_term_string}"},"query-input":{"@type":"PropertyValueSpecification","valueRequired":true,"valueName":"search_term_string"}}],"inLanguage":"en-US"}]}},"_links":{"self":[{"href":"https:\/\/www.luxuryeventtrailers.com\/es\/wp-json\/wp\/v2\/pages\/593","targetHints":{"allow":["GET"]}}],"collection":[{"href":"https:\/\/www.luxuryeventtrailers.com\/es\/wp-json\/wp\/v2\/pages"}],"about":[{"href":"https:\/\/www.luxuryeventtrailers.com\/es\/wp-json\/wp\/v2\/types\/page"}],"author":[{"embeddable":true,"href":"https:\/\/www.luxuryeventtrailers.com\/es\/wp-json\/wp\/v2\/users\/3"}],"replies":[{"embeddable":true,"href":"https:\/\/www.luxuryeventtrailers.com\/es\/wp-json\/wp\/v2\/comments?post=593"}],"version-history":[{"count":0,"href":"https:\/\/www.luxuryeventtrailers.com\/es\/wp-json\/wp\/v2\/pages\/593\/revisions"}],"wp:attachment":[{"href":"https:\/\/www.luxuryeventtrailers.com\/es\/wp-json\/wp\/v2\/media?parent=593"}],"curies":[{"name":"wp","href":"https:\/\/api.w.org\/{rel}","templated":true}]}}